{"id":5042,"date":"2025-08-08T16:03:45","date_gmt":"2025-08-08T08:03:45","guid":{"rendered":"https:\/\/www.moonepc.com\/?post_type=product&#038;p=5042"},"modified":"2025-09-23T14:47:49","modified_gmt":"2025-09-23T06:47:49","slug":"fluidized-quick-freezers","status":"publish","type":"product","link":"https:\/\/www.moonepc.com\/pt\/fluidized-quick-freezers\/","title":{"rendered":"congeladores r\u00e1pidos fluidizados"},"content":{"rendered":"<table>\n<tbody>\n<tr>\n<td width=\"132\">Modo de produto 1<\/td>\n<td width=\"101\">MVD1000<\/td>\n<td width=\"101\">MVD1500<\/td>\n<td width=\"101\">MVD2000<\/td>\n<td width=\"101\">MVD2500<\/td>\n<td width=\"102\">MVD3000<\/td>\n<\/tr>\n<tr>\n<td width=\"132\">C\u00f3digo de ordem<\/td>\n<td width=\"101\">018641010000<\/td>\n<td width=\"101\">018641020000<\/td>\n<td width=\"101\">018641030000<\/td>\n<td width=\"101\">018641040000<\/td>\n<td width=\"102\">018641050000<\/td>\n<\/tr>\n<tr>\n<td width=\"132\">Capacidade nominal de congelamento (kg\/h)<\/td>\n<td width=\"101\">1000<\/td>\n<td width=\"101\">1500<\/td>\n<td width=\"101\">2000<\/td>\n<td width=\"101\">2500<\/td>\n<td width=\"102\">3000<\/td>\n<\/tr>\n<tr>\n<td width=\"132\">Largura efetiva do cinto de malha (mm)<\/td>\n<td colspan=\"5\" width=\"510\">1150<\/td>\n<\/tr>\n<tr>\n<td width=\"132\">Altura da entrada de alimentos<\/p>\n<p>(mm)<\/td>\n<td colspan=\"5\" width=\"510\">100<\/td>\n<\/tr>\n<tr>\n<td width=\"132\">Inlet &amp; - sa\u00edda<\/p>\n<p>o n\u00facleo de bens materiais<\/p>\n<p>temperatura ([UNK] )<\/td>\n<td colspan=\"5\" width=\"510\">+15\/-18<\/td>\n<\/tr>\n<tr>\n<td width=\"132\">Temperatura congelada<\/p>\n<p>([UNK])<\/td>\n<td colspan=\"5\" width=\"510\">-35<\/td>\n<\/tr>\n<tr>\n<td width=\"132\">Agua defrostante<\/p>\n<p>quantidade (m3)<\/p>\n<p>\/time)<\/td>\n<td width=\"101\">16<\/td>\n<td width=\"101\">22<\/td>\n<td width=\"101\">30<\/td>\n<td width=\"101\">36<\/td>\n<td width=\"102\">43<\/td>\n<\/tr>\n<tr>\n<td width=\"132\">Consumo frio<\/p>\n<p>sob o valor nominal<\/p>\n<p>condi\u00e7\u00f5es de trabalho<\/p>\n<p>(kW)<\/td>\n<td width=\"101\">&nbsp;<\/p>\n<p>150<\/td>\n<td width=\"101\">&nbsp;<\/p>\n<p>220<\/td>\n<td width=\"101\">&nbsp;<\/p>\n<p>290<\/td>\n<td width=\"101\">&nbsp;<\/p>\n<p>360<\/td>\n<td width=\"102\">&nbsp;<\/p>\n<p>430<\/td>\n<\/tr>\n<tr>\n<td width=\"132\">Capacidade instalada<\/p>\n<p>(kW)<\/td>\n<td width=\"101\">28<\/td>\n<td width=\"101\">40<\/td>\n<td width=\"101\">52<\/td>\n<td width=\"101\">58<\/td>\n<td width=\"102\">77<\/td>\n<\/tr>\n<tr>\n<td width=\"132\">Peso l\u00edquido<\/td>\n<td width=\"101\">6<\/td>\n<td width=\"101\">8<\/td>\n<td width=\"101\">9.5<\/td>\n<td width=\"101\">10<\/td>\n<td width=\"102\">12<\/td>\n<\/tr>\n<tr>\n<td width=\"132\">Peso operacional (t)<\/td>\n<td width=\"101\">6.6<\/td>\n<td width=\"101\">8.8<\/td>\n<td width=\"101\">10.5<\/td>\n<td width=\"101\">11<\/td>\n<td width=\"102\">13.2<\/td>\n<\/tr>\n<\/tbody>\n<\/table>\n<p>Nota:<\/p>\n<ol>\n<li>A capacidade nominal de congelamento \u00e9 concebida por feij\u00e3o de espada verde, com um teor de \u00e1gua de 70% e uma densidade de distribui\u00e7\u00e3o material de 900kg\/m3;<\/li>\n<li>O consumo frio em condi\u00e7\u00f5es de trabalho nominais \u00e9 calculado em fun\u00e7\u00e3o do condicionamento de funcionamento a -40[UNK]temperatura de vaporiza\u00e7\u00e3o. Quando a temperatura actual de congelamento \u00e9 diferente do valor na tabela, por favor configura o equipamento do sistema de acordo com as condi\u00e7\u00f5es de funcionamento reais.<\/li>\n<li>Aplicable to multiple refrigerants or secondary refrigerants such as R717, R22, R404A, R507C, R134a, etc.<\/li>\n<li>O modo de alimenta\u00e7\u00e3o do evaporador \u00e9 o modo de alimenta\u00e7\u00e3o da bomba.<\/li>\n<\/ol>\n<div class=\"host-lopnbnfpjmgpbppclhclehhgafnifija\" style=\"position: relative; z-index: 2147483647;\"><\/div>","protected":false},"excerpt":{"rendered":"<p>Esse projeto avan\u00e7ado em dois est\u00e1gios, primeiro, refrigera rapidamente a superf\u00edcie das part\u00edculas alimentares at\u00e9 o ponto de congelamento, impedendo a ades\u00e3o atrav\u00e9s da vibra\u00e7\u00e3o mec\u00e2nica. No segundo est\u00e1gio, o congelamento profundo garante resultados de congelamento \u00f3timos. \u00c9 a solu\u00e7\u00e3o ideal para o congelamento individual r\u00e1pido (IQF) de produtos aliment\u00edcios granulares, cortados e em forma de blocos.<\/p>\n<div class=\"host-lopnbnfpjmgpbppclhclehhgafnifija\" style=\"position: relative; z-index: 2147483647;\"><\/div>","protected":false},"featured_media":5265,"comment_status":"closed","ping_status":"closed","template":"","meta":[],"product_brand":[],"product_cat":[87,85],"product_tag":[],"class_list":{"0":"post-5042","1":"product","2":"type-product","3":"status-publish","4":"has-post-thumbnail","6":"product_cat-quick-freezer","7":"product_cat-quick-freezer-and-freeze-dryer","9":"first","10":"instock","11":"shipping-taxable","12":"product-type-simple"},"_links":{"self":[{"href":"https:\/\/www.moonepc.com\/pt\/wp-json\/wp\/v2\/product\/5042","targetHints":{"allow":["GET"]}}],"collection":[{"href":"https:\/\/www.moonepc.com\/pt\/wp-json\/wp\/v2\/product"}],"about":[{"href":"https:\/\/www.moonepc.com\/pt\/wp-json\/wp\/v2\/types\/product"}],"replies":[{"embeddable":true,"href":"https:\/\/www.moonepc.com\/pt\/wp-json\/wp\/v2\/comments?post=5042"}],"wp:featuredmedia":[{"embeddable":true,"href":"https:\/\/www.moonepc.com\/pt\/wp-json\/wp\/v2\/media\/5265"}],"wp:attachment":[{"href":"https:\/\/www.moonepc.com\/pt\/wp-json\/wp\/v2\/media?parent=5042"}],"wp:term":[{"taxonomy":"product_brand","embeddable":true,"href":"https:\/\/www.moonepc.com\/pt\/wp-json\/wp\/v2\/product_brand?post=5042"},{"taxonomy":"product_cat","embeddable":true,"href":"https:\/\/www.moonepc.com\/pt\/wp-json\/wp\/v2\/product_cat?post=5042"},{"taxonomy":"product_tag","embeddable":true,"href":"https:\/\/www.moonepc.com\/pt\/wp-json\/wp\/v2\/product_tag?post=5042"}],"curies":[{"name":"wp","href":"https:\/\/api.w.org\/{rel}","templated":true}]}}