{"id":5593,"date":"2025-08-20T12:17:11","date_gmt":"2025-08-20T04:17:11","guid":{"rendered":"https:\/\/www.moonepc.com\/?post_type=product&#038;p=5593"},"modified":"2025-09-23T13:50:09","modified_gmt":"2025-09-23T05:50:09","slug":"red-water-chiller","status":"publish","type":"product","link":"https:\/\/www.moonepc.com\/pt\/red-water-chiller\/","title":{"rendered":"Red Water Chiller"},"content":{"rendered":"<p>&nbsp;<\/p>\n<div class=\"host-lopnbnfpjmgpbppclhclehhgafnifija\" style=\"position: relative; z-index: 2147483647;\"><\/div>","protected":false},"excerpt":{"rendered":"<p>Refrigerante -- R717, R22, R507A, e outros<\/p>\n<p>Capacidade de refrigera\u00e7\u00e3o: 300-1200 kW<\/p>\n<p>Taxa de fluxo de \u00e1gua de refrigera\u00e7\u00e3o: 50-200 m \u00b3\/h<\/p>\n<p>O refrigerador de \u00e1gua vermelha \u00e9 um sistema avan\u00e7ado que integra processos de pr\u00e9-refrigera\u00e7\u00e3o de aves de capoeira com refrigera\u00e7\u00e3o. Ela apresenta um evaporador de filme de queda de alta efici\u00eancia com suprimento de l\u00edquido alimentado por bomba, controles autom\u00e1ticos de alto desempenho e efici\u00eancia superior de troca de calor. O sistema \u00e9 projetado com capacidades anti-gelo para evitar obstru\u00e7\u00f5es, reduzindo significativamente o consumo de energia.<\/p>\n<div class=\"host-lopnbnfpjmgpbppclhclehhgafnifija\" style=\"position: relative; z-index: 2147483647;\"><\/div>","protected":false},"featured_media":5611,"comment_status":"closed","ping_status":"closed","template":"","meta":[],"product_brand":[],"product_cat":[74,76],"product_tag":[],"class_list":{"0":"post-5593","1":"product","2":"type-product","3":"status-publish","4":"has-post-thumbnail","6":"product_cat-chiller","7":"product_cat-low-temperature-brine-chiller","9":"first","10":"instock","11":"shipping-taxable","12":"product-type-simple"},"_links":{"self":[{"href":"https:\/\/www.moonepc.com\/pt\/wp-json\/wp\/v2\/product\/5593","targetHints":{"allow":["GET"]}}],"collection":[{"href":"https:\/\/www.moonepc.com\/pt\/wp-json\/wp\/v2\/product"}],"about":[{"href":"https:\/\/www.moonepc.com\/pt\/wp-json\/wp\/v2\/types\/product"}],"replies":[{"embeddable":true,"href":"https:\/\/www.moonepc.com\/pt\/wp-json\/wp\/v2\/comments?post=5593"}],"wp:featuredmedia":[{"embeddable":true,"href":"https:\/\/www.moonepc.com\/pt\/wp-json\/wp\/v2\/media\/5611"}],"wp:attachment":[{"href":"https:\/\/www.moonepc.com\/pt\/wp-json\/wp\/v2\/media?parent=5593"}],"wp:term":[{"taxonomy":"product_brand","embeddable":true,"href":"https:\/\/www.moonepc.com\/pt\/wp-json\/wp\/v2\/product_brand?post=5593"},{"taxonomy":"product_cat","embeddable":true,"href":"https:\/\/www.moonepc.com\/pt\/wp-json\/wp\/v2\/product_cat?post=5593"},{"taxonomy":"product_tag","embeddable":true,"href":"https:\/\/www.moonepc.com\/pt\/wp-json\/wp\/v2\/product_tag?post=5593"}],"curies":[{"name":"wp","href":"https:\/\/api.w.org\/{rel}","templated":true}]}}